{"id":1960,"date":"2023-05-02T01:38:23","date_gmt":"2023-05-02T01:38:23","guid":{"rendered":"https:\/\/bcisoluroc.stagingminimalmtl.com\/politique-de-confidentialite\/"},"modified":"2024-08-21T20:36:03","modified_gmt":"2024-08-21T20:36:03","slug":"privacy-policy","status":"publish","type":"page","link":"https:\/\/soluroc.com\/en\/privacy-policy\/","title":{"rendered":"Privacy Policy"},"content":{"rendered":"<p><strong>Derni\u00e8re mise \u00e0 jour le 08-Nov-2023 <\/strong><br \/>\n<strong>Date d&#8217;effet 08-Nov-2023<\/strong><\/p>\n<p>Cette Politique de Confidentialit\u00e9 d\u00e9crit les politiques de Soluroc, 703 8e rue E, La Guadeloupe, QC G0M 1G0, Canada, email : scarrier@soluroc.com, t\u00e9l\u00e9phone : 4184593553 225, concernant la collecte, l&#8217;utilisation et la divulgation de vos informations que nous recueillons lorsque vous utilisez notre <a href=\"https:\/\/soluroc.com\">site web<\/a> (le &#8220;Service&#8221;). En acc\u00e9dant ou en utilisant le Service, vous consentez \u00e0 la collecte, l&#8217;utilisation et la divulgation de vos informations conform\u00e9ment \u00e0 cette Politique de Confidentialit\u00e9. Si vous ne consentez pas, veuillez ne pas acc\u00e9der ni utiliser le Service.<br \/>\nNous pouvons modifier cette Politique de Confidentialit\u00e9 \u00e0 tout moment sans pr\u00e9avis, et nous publierons la Politique de Confidentialit\u00e9 r\u00e9vis\u00e9e sur le Service. La Politique r\u00e9vis\u00e9e sera effective 180 jours \u00e0 compter de sa publication sur le Service, et votre acc\u00e8s continu ou votre utilisation du Service apr\u00e8s cette p\u00e9riode constituera votre acceptation de la Politique de Confidentialit\u00e9 r\u00e9vis\u00e9e. Nous vous recommandons donc de consulter r\u00e9guli\u00e8rement cette page.<\/p>\n<p><strong>Informations que nous recueillons :<\/strong><br \/>\nNous recueillerons et traiterons les informations personnelles suivantes vous concernant :<\/p>\n<p>Nom<br \/>\nE-mail<\/p>\n<p><strong>Comment nous utilisons vos informations :<\/strong><br \/>\nNous utiliserons les informations que nous recueillons \u00e0 votre sujet \u00e0 des fins suivantes :<\/p>\n<p>Marketing\/ Promotion<br \/>\nInformations administratives<br \/>\nProtection du site<\/p>\n<p>Si nous souhaitons utiliser vos informations \u00e0 toute autre fin, nous vous demanderons votre consentement et n&#8217;utiliserons vos informations qu&#8217;apr\u00e8s avoir re\u00e7u votre consentement, et ce, uniquement \u00e0 des fins pour lesquelles vous avez donn\u00e9 votre consentement, sauf si la loi nous oblige \u00e0 proc\u00e9der autrement.<\/p>\n<p><strong>Comment nous partageons vos informations :<\/strong><br \/>\nNous ne transf\u00e9rerons pas vos informations personnelles \u00e0 des tiers sans obtenir votre consentement, sauf dans des circonstances limit\u00e9es telles que d\u00e9crites ci-dessous :<\/p>\n<p>Analyse<br \/>\nCollecte et traitement de donn\u00e9es<\/p>\n<p>Nous exigeons de ces tiers qu&#8217;ils n&#8217;utilisent les informations personnelles que nous leur transf\u00e9rons que dans le but pour lequel elles ont \u00e9t\u00e9 transf\u00e9r\u00e9es et qu&#8217;ils ne les conservent pas plus longtemps que n\u00e9cessaire pour atteindre ledit objectif.<\/p>\n<p>Nous pouvons \u00e9galement divulguer vos informations personnelles pour les raisons suivantes : (1) pour se conformer \u00e0 la loi applicable, \u00e0 la r\u00e9glementation, \u00e0 une ordonnance du tribunal ou \u00e0 d&#8217;autres proc\u00e9dures l\u00e9gales ; (2) pour faire respecter vos accords avec nous, y compris cette Politique de Confidentialit\u00e9 ; ou (3) pour r\u00e9pondre \u00e0 des r\u00e9clamations selon lesquelles votre utilisation du Service viole les droits de tiers. Si le Service ou notre soci\u00e9t\u00e9 est fusionn\u00e9 ou acquis par une autre entreprise, vos informations seront l&#8217;un des actifs transf\u00e9r\u00e9s au nouveau propri\u00e9taire.<\/p>\n<p><strong>Conservation de vos informations :<\/strong><br \/>\nNous conserverons vos informations personnelles avec nous pendant 30 jours ou aussi longtemps que n\u00e9cessaire pour remplir les objectifs pour lesquels elles ont \u00e9t\u00e9 collect\u00e9es, tels que d\u00e9taill\u00e9s dans cette Politique de Confidentialit\u00e9. Il se peut que nous devions conserver certaines informations pendant des p\u00e9riodes plus longues, par exemple pour des raisons de conservation de dossiers ou de conformit\u00e9 \u00e0 la loi applicable, ou pour d&#8217;autres raisons l\u00e9gitimes telles que l&#8217;application de droits l\u00e9gaux, la pr\u00e9vention de la fraude, etc. Les informations anonymes r\u00e9siduelles et les informations agr\u00e9g\u00e9es, qui ne vous identifient pas directement ou indirectement, peuvent \u00eatre stock\u00e9es ind\u00e9finiment.<\/p>\n<p><strong>Vos droits :<\/strong><br \/>\nEn fonction de la l\u00e9gislation applicable, vous pouvez avoir le droit d&#8217;acc\u00e9der \u00e0 vos donn\u00e9es personnelles, de les corriger ou de les effacer, de recevoir une copie de vos donn\u00e9es personnelles, de restreindre ou de vous opposer au traitement actif de vos donn\u00e9es, de nous demander de partager (porter) vos informations personnelles avec une autre entit\u00e9, de retirer tout consentement que vous nous avez fourni pour le traitement de vos donn\u00e9es, le droit de porter plainte aupr\u00e8s d&#8217;une autorit\u00e9 de r\u00e9glementation et d&#8217;autres droits pertinents en vertu des lois applicables. Pour exercer ces droits, vous pouvez nous \u00e9crire \u00e0 scarrier@soluroc.com. Nous r\u00e9pondrons \u00e0 votre demande conform\u00e9ment \u00e0 la loi applicable.<\/p>\n<p>Veuillez noter que si vous ne nous permettez pas de collecter ou de traiter les informations personnelles requises ou de retirer le consentement pour le traitement aux fins requises, vous pourriez ne pas \u00eatre en mesure d&#8217;acc\u00e9der ou d&#8217;utiliser les services pour lesquels vos informations ont \u00e9t\u00e9 demand\u00e9es.<\/p>\n<p><strong>S\u00e9curit\u00e9 :<\/strong><br \/>\nLa s\u00e9curit\u00e9 de vos informations est importante pour nous, et nous utiliserons des mesures de s\u00e9curit\u00e9 raisonnables pour emp\u00eacher la perte, l&#8217;utilisation abusive ou la modification non autoris\u00e9e de vos informations sous notre contr\u00f4le. Cependant, compte tenu des risques inh\u00e9rents, nous ne pouvons garantir une s\u00e9curit\u00e9 absolue, et par cons\u00e9quent, nous ne pouvons assurer ni garantir la s\u00e9curit\u00e9 des informations que vous nous transmettez, et vous le faites \u00e0 vos propres risques.<\/p>\n<p><strong>R\u00e9clamations \/ D\u00e9l\u00e9gu\u00e9 \u00e0 la Protection des Donn\u00e9es :<\/strong><br \/>\nSi vous avez des questions ou des pr\u00e9occupations concernant le traitement de vos informations qui sont en notre possession, vous pouvez envoyer un e-mail \u00e0 notre D\u00e9l\u00e9gu\u00e9 \u00e0 la Protection des Donn\u00e9es \u00e0 Soluroc, 703 8e rue E, La Guadeloupe, e-mail : scarrier@soluroc.com. Nous traiterons vos pr\u00e9occupations conform\u00e9ment \u00e0 la loi applicable.<\/p>\n","protected":false},"excerpt":{"rendered":"<p>Derni\u00e8re mise \u00e0 jour le 08-Nov-2023 Date d&#8217;effet 08-Nov-2023 Cette Politique de Confidentialit\u00e9 d\u00e9crit les politiques de Soluroc, 703 8e rue E, La Guadeloupe, QC G0M 1G0, Canada, email : scarrier@soluroc.com, t\u00e9l\u00e9phone : 4184593553 225, concernant la collecte, l&#8217;utilisation et la divulgation de vos informations que nous recueillons lorsque vous utilisez notre site web (le [&hellip;]<\/p>\n","protected":false},"author":10,"featured_media":0,"parent":0,"menu_order":0,"comment_status":"closed","ping_status":"closed","template":"template-policy_conditions.php","meta":{"_acf_changed":false,"content-type":"","inline_featured_image":false,"footnotes":""},"class_list":["post-1960","page","type-page","status-publish","hentry"],"acf":[],"yoast_head":"<!-- This site is optimized with the Yoast SEO plugin v27.4 - https:\/\/yoast.com\/product\/yoast-seo-wordpress\/ -->\n<title>Privacy Policy - Soluroc<\/title>\n<meta name=\"robots\" content=\"index, follow, max-snippet:-1, max-image-preview:large, max-video-preview:-1\" \/>\n<link rel=\"canonical\" href=\"https:\/\/soluroc.com\/en\/privacy-policy\/\" \/>\n<meta property=\"og:locale\" content=\"en_US\" \/>\n<meta property=\"og:type\" content=\"article\" \/>\n<meta property=\"og:title\" content=\"Privacy Policy - Soluroc\" \/>\n<meta property=\"og:description\" content=\"Derni\u00e8re mise \u00e0 jour le 08-Nov-2023 Date d&#8217;effet 08-Nov-2023 Cette Politique de Confidentialit\u00e9 d\u00e9crit les politiques de Soluroc, 703 8e rue E, La Guadeloupe, QC G0M 1G0, Canada, email : scarrier@soluroc.com, t\u00e9l\u00e9phone : 4184593553 225, concernant la collecte, l&#8217;utilisation et la divulgation de vos informations que nous recueillons lorsque vous utilisez notre site web (le [&hellip;]\" \/>\n<meta property=\"og:url\" content=\"https:\/\/soluroc.com\/en\/privacy-policy\/\" \/>\n<meta property=\"og:site_name\" content=\"Soluroc\" \/>\n<meta property=\"article:publisher\" content=\"https:\/\/facebook.com\/soluroc\" \/>\n<meta property=\"article:modified_time\" content=\"2024-08-21T20:36:03+00:00\" \/>\n<meta name=\"twitter:card\" content=\"summary_large_image\" \/>\n<meta name=\"twitter:label1\" content=\"Est. reading time\" \/>\n\t<meta name=\"twitter:data1\" content=\"4 minutes\" \/>\n<script type=\"application\/ld+json\" class=\"yoast-schema-graph\">{\"@context\":\"https:\\\/\\\/schema.org\",\"@graph\":[{\"@type\":\"WebPage\",\"@id\":\"https:\\\/\\\/soluroc.com\\\/en\\\/privacy-policy\\\/\",\"url\":\"https:\\\/\\\/soluroc.com\\\/en\\\/privacy-policy\\\/\",\"name\":\"Privacy Policy - Soluroc\",\"isPartOf\":{\"@id\":\"https:\\\/\\\/soluroc.com\\\/#website\"},\"datePublished\":\"2023-05-02T01:38:23+00:00\",\"dateModified\":\"2024-08-21T20:36:03+00:00\",\"breadcrumb\":{\"@id\":\"https:\\\/\\\/soluroc.com\\\/en\\\/privacy-policy\\\/#breadcrumb\"},\"inLanguage\":\"en-US\",\"potentialAction\":[{\"@type\":\"ReadAction\",\"target\":[\"https:\\\/\\\/soluroc.com\\\/en\\\/privacy-policy\\\/\"]}]},{\"@type\":\"BreadcrumbList\",\"@id\":\"https:\\\/\\\/soluroc.com\\\/en\\\/privacy-policy\\\/#breadcrumb\",\"itemListElement\":[{\"@type\":\"ListItem\",\"position\":1,\"name\":\"Accueil\",\"item\":\"https:\\\/\\\/soluroc.com\\\/en\\\/\"},{\"@type\":\"ListItem\",\"position\":2,\"name\":\"Privacy Policy\"}]},{\"@type\":\"WebSite\",\"@id\":\"https:\\\/\\\/soluroc.com\\\/#website\",\"url\":\"https:\\\/\\\/soluroc.com\\\/\",\"name\":\"Soluroc\",\"description\":\"Juste un autre site WordPress\",\"publisher\":{\"@id\":\"https:\\\/\\\/soluroc.com\\\/#organization\"},\"potentialAction\":[{\"@type\":\"SearchAction\",\"target\":{\"@type\":\"EntryPoint\",\"urlTemplate\":\"https:\\\/\\\/soluroc.com\\\/?s={search_term_string}\"},\"query-input\":{\"@type\":\"PropertyValueSpecification\",\"valueRequired\":true,\"valueName\":\"search_term_string\"}}],\"inLanguage\":\"en-US\"},{\"@type\":\"Organization\",\"@id\":\"https:\\\/\\\/soluroc.com\\\/#organization\",\"name\":\"Soluroc\",\"url\":\"https:\\\/\\\/soluroc.com\\\/\",\"logo\":{\"@type\":\"ImageObject\",\"inLanguage\":\"en-US\",\"@id\":\"https:\\\/\\\/soluroc.com\\\/#\\\/schema\\\/logo\\\/image\\\/\",\"url\":\"https:\\\/\\\/soluroc.com\\\/wp-content\\\/uploads\\\/2023\\\/05\\\/BRANDSoluroc-LANGUAGEEN-COLORBLUE.svg\",\"contentUrl\":\"https:\\\/\\\/soluroc.com\\\/wp-content\\\/uploads\\\/2023\\\/05\\\/BRANDSoluroc-LANGUAGEEN-COLORBLUE.svg\",\"width\":238,\"height\":101,\"caption\":\"Soluroc\"},\"image\":{\"@id\":\"https:\\\/\\\/soluroc.com\\\/#\\\/schema\\\/logo\\\/image\\\/\"},\"sameAs\":[\"https:\\\/\\\/facebook.com\\\/soluroc\",\"https:\\\/\\\/ca.linkedin.com\\\/company\\\/soluroc\"]}]}<\/script>\n<!-- \/ Yoast SEO plugin. -->","yoast_head_json":{"title":"Privacy Policy - Soluroc","robots":{"index":"index","follow":"follow","max-snippet":"max-snippet:-1","max-image-preview":"max-image-preview:large","max-video-preview":"max-video-preview:-1"},"canonical":"https:\/\/soluroc.com\/en\/privacy-policy\/","og_locale":"en_US","og_type":"article","og_title":"Privacy Policy - Soluroc","og_description":"Derni\u00e8re mise \u00e0 jour le 08-Nov-2023 Date d&#8217;effet 08-Nov-2023 Cette Politique de Confidentialit\u00e9 d\u00e9crit les politiques de Soluroc, 703 8e rue E, La Guadeloupe, QC G0M 1G0, Canada, email : scarrier@soluroc.com, t\u00e9l\u00e9phone : 4184593553 225, concernant la collecte, l&#8217;utilisation et la divulgation de vos informations que nous recueillons lorsque vous utilisez notre site web (le [&hellip;]","og_url":"https:\/\/soluroc.com\/en\/privacy-policy\/","og_site_name":"Soluroc","article_publisher":"https:\/\/facebook.com\/soluroc","article_modified_time":"2024-08-21T20:36:03+00:00","twitter_card":"summary_large_image","twitter_misc":{"Est. reading time":"4 minutes"},"schema":{"@context":"https:\/\/schema.org","@graph":[{"@type":"WebPage","@id":"https:\/\/soluroc.com\/en\/privacy-policy\/","url":"https:\/\/soluroc.com\/en\/privacy-policy\/","name":"Privacy Policy - Soluroc","isPartOf":{"@id":"https:\/\/soluroc.com\/#website"},"datePublished":"2023-05-02T01:38:23+00:00","dateModified":"2024-08-21T20:36:03+00:00","breadcrumb":{"@id":"https:\/\/soluroc.com\/en\/privacy-policy\/#breadcrumb"},"inLanguage":"en-US","potentialAction":[{"@type":"ReadAction","target":["https:\/\/soluroc.com\/en\/privacy-policy\/"]}]},{"@type":"BreadcrumbList","@id":"https:\/\/soluroc.com\/en\/privacy-policy\/#breadcrumb","itemListElement":[{"@type":"ListItem","position":1,"name":"Accueil","item":"https:\/\/soluroc.com\/en\/"},{"@type":"ListItem","position":2,"name":"Privacy Policy"}]},{"@type":"WebSite","@id":"https:\/\/soluroc.com\/#website","url":"https:\/\/soluroc.com\/","name":"Soluroc","description":"Juste un autre site WordPress","publisher":{"@id":"https:\/\/soluroc.com\/#organization"},"potentialAction":[{"@type":"SearchAction","target":{"@type":"EntryPoint","urlTemplate":"https:\/\/soluroc.com\/?s={search_term_string}"},"query-input":{"@type":"PropertyValueSpecification","valueRequired":true,"valueName":"search_term_string"}}],"inLanguage":"en-US"},{"@type":"Organization","@id":"https:\/\/soluroc.com\/#organization","name":"Soluroc","url":"https:\/\/soluroc.com\/","logo":{"@type":"ImageObject","inLanguage":"en-US","@id":"https:\/\/soluroc.com\/#\/schema\/logo\/image\/","url":"https:\/\/soluroc.com\/wp-content\/uploads\/2023\/05\/BRANDSoluroc-LANGUAGEEN-COLORBLUE.svg","contentUrl":"https:\/\/soluroc.com\/wp-content\/uploads\/2023\/05\/BRANDSoluroc-LANGUAGEEN-COLORBLUE.svg","width":238,"height":101,"caption":"Soluroc"},"image":{"@id":"https:\/\/soluroc.com\/#\/schema\/logo\/image\/"},"sameAs":["https:\/\/facebook.com\/soluroc","https:\/\/ca.linkedin.com\/company\/soluroc"]}]}},"_links":{"self":[{"href":"https:\/\/soluroc.com\/en\/wp-json\/wp\/v2\/pages\/1960","targetHints":{"allow":["GET"]}}],"collection":[{"href":"https:\/\/soluroc.com\/en\/wp-json\/wp\/v2\/pages"}],"about":[{"href":"https:\/\/soluroc.com\/en\/wp-json\/wp\/v2\/types\/page"}],"author":[{"embeddable":true,"href":"https:\/\/soluroc.com\/en\/wp-json\/wp\/v2\/users\/10"}],"replies":[{"embeddable":true,"href":"https:\/\/soluroc.com\/en\/wp-json\/wp\/v2\/comments?post=1960"}],"version-history":[{"count":11,"href":"https:\/\/soluroc.com\/en\/wp-json\/wp\/v2\/pages\/1960\/revisions"}],"predecessor-version":[{"id":2982,"href":"https:\/\/soluroc.com\/en\/wp-json\/wp\/v2\/pages\/1960\/revisions\/2982"}],"wp:attachment":[{"href":"https:\/\/soluroc.com\/en\/wp-json\/wp\/v2\/media?parent=1960"}],"curies":[{"name":"wp","href":"https:\/\/api.w.org\/{rel}","templated":true}]}}